{"id":10,"date":"2024-08-14T11:38:44","date_gmt":"2024-08-14T11:38:44","guid":{"rendered":"https:\/\/mladost-rinia.mk\/?page_id=10"},"modified":"2024-08-17T14:06:16","modified_gmt":"2024-08-17T14:06:16","slug":"tim","status":"publish","type":"page","link":"https:\/\/mladost-rinia.mk\/sq\/tim\/","title":{"rendered":"Ekipi"},"content":{"rendered":"<h5 class=\"wp-block-heading\"><strong>Administrata<\/strong>:<\/h5>\n\n\n\n<p>Jurist -Besjan Nuredini dhe Mirlinda Dauti<\/p>\n\n\n\n<p>Drejtoresha - Fatlinda Jaja<\/p>\n\n\n\n<h5 class=\"wp-block-heading has-text-align-left\"><strong>Pun\u00ebtor\u00ebt profesionist\u00eb<\/strong>:<\/h5>\n\n\n\n<p>Psikologia - Leuza Memedi<\/p>\n\n\n\n<p>   Defektologe - Sanja Lal\u00e7eska<\/p>\n\n\n\n<p>   Pun\u00ebtore sociale - Linda Ziberi<\/p>\n\n\n\n<p>   Doktor stomatolog - Arieta Sulejmani<\/p>\n\n\n\n<h5 class=\"wp-block-heading\"><strong>Ofruesit e sh\u00ebrbimeve edukator\u00eb dhe p\u00ebrkujdes\u00ebse<\/strong><\/h5>\n\n\n\n<h5 class=\"wp-block-heading\"><strong>Stafi teknik mir\u00ebmbajt\u00ebs higjiene, kopshtar\u00eb, magazinier, kryekuzhinier, ndihm\u00ebs kuzhiniere, en\u00eb-lar\u00ebse, hekuros\u00ebse, mjesht\u00ebr sht\u00ebpie<\/strong><\/h5>","protected":false},"excerpt":{"rendered":"<p>\u0410\u0434\u043c\u0438\u043d\u0438\u0441\u0442\u0440\u0430\u0446\u0438\u0458\u0430: \u041f\u0440\u0430\u0432\u043d\u0438\u043a &#8211; \u0411\u0435\u0441\u0438\u0458\u0430\u043d \u041d\u0443\u0440\u0435\u0434\u0438\u043d\u0438 \u0438 \u041c\u0438\u0440\u043b\u0438\u043d\u0434\u0430 \u0414\u0430\u0443\u0442\u0438\u0432 \u0414\u0438\u0440\u0435\u043a\u0442\u043e\u0440 &#8211; \u0424\u0430\u0442\u043b\u0438\u043d\u0434\u0430 \u0408\u0430\u0458\u0430 \u0421\u0442\u0440\u0443\u0447\u043d\u0438 \u0440\u0430\u0431\u043e\u0442\u043d\u0438\u0446\u0438: \u041f\u0441\u0438\u0445\u043e\u043b\u043e\u0433 &#8211; \u041b\u0435\u0443\u0437\u0430 \u041c\u0435\u043c\u0435\u0434\u0438 \u0414\u0435\u0444\u0435\u043a\u0442\u043e\u043b\u043e\u0433 &#8211; \u0421\u0430\u045a\u0430 \u041b\u0430\u043b\u0447\u0435\u0441\u043a\u0430 \u0421\u043e\u0446\u0438\u0458\u0430\u043b\u0435\u043d \u0440\u0430\u0431\u043e\u0442\u043d\u0438\u043a &#8211; \u041b\u0438\u043d\u0434\u0430 \u0417\u0438\u0431\u0435\u0440\u0438 \u0414\u043e\u043a\u0442\u043e\u0440-\u0441\u0442\u043e\u043c\u0430\u0442\u043e\u043b\u043e\u0433 \u0410\u0440\u0438\u0435\u0442\u0430 \u0421\u0443\u043b\u0435\u0458\u043c\u0430\u043d\u0438 \u0414\u0430\u0432\u0430\u0442\u0435\u043b\u0438 \u043d\u0430 \u0443\u0441\u043b\u0443\u0433\u0438 \u0432\u043e\u0441\u043f\u0438\u0442\u0443\u0432\u0430\u0447\u0438 \u0438 \u043d\u0435\u0433\u043e\u0432\u0430\u0442\u0435\u043b\u043a\u0438 \u0422\u0435\u0445\u043d\u0438\u0447\u043a\u0438 \u043f\u0435\u0440\u0441\u043e\u043d\u0430\u043b \u0445\u0438\u0433\u0438\u0435\u043d\u0438\u0447\u0430\u0440\u0438,\u0433\u0440\u0430\u0434\u0438\u043d\u0430\u0440\u0438,\u043c\u0430\u0433\u0430\u0446\u0438\u043e\u043d\u0435\u0440,\u0433\u043b\u0430\u0432\u0435\u043d \u0433\u043e\u0442\u0432\u0430\u0447,\u043f\u043e\u043c\u043e\u0448\u0435\u043d [&hellip;]<\/p>","protected":false},"author":1,"featured_media":0,"parent":0,"menu_order":0,"comment_status":"closed","ping_status":"closed","template":"","meta":{"footnotes":"[]"},"class_list":["post-10","page","type-page","status-publish","hentry"],"_links":{"self":[{"href":"https:\/\/mladost-rinia.mk\/sq\/wp-json\/wp\/v2\/pages\/10","targetHints":{"allow":["GET"]}}],"collection":[{"href":"https:\/\/mladost-rinia.mk\/sq\/wp-json\/wp\/v2\/pages"}],"about":[{"href":"https:\/\/mladost-rinia.mk\/sq\/wp-json\/wp\/v2\/types\/page"}],"author":[{"embeddable":true,"href":"https:\/\/mladost-rinia.mk\/sq\/wp-json\/wp\/v2\/users\/1"}],"replies":[{"embeddable":true,"href":"https:\/\/mladost-rinia.mk\/sq\/wp-json\/wp\/v2\/comments?post=10"}],"version-history":[{"count":18,"href":"https:\/\/mladost-rinia.mk\/sq\/wp-json\/wp\/v2\/pages\/10\/revisions"}],"predecessor-version":[{"id":179,"href":"https:\/\/mladost-rinia.mk\/sq\/wp-json\/wp\/v2\/pages\/10\/revisions\/179"}],"wp:attachment":[{"href":"https:\/\/mladost-rinia.mk\/sq\/wp-json\/wp\/v2\/media?parent=10"}],"curies":[{"name":"wp","href":"https:\/\/api.w.org\/{rel}","templated":true}]}}