{"id":101,"date":"2024-08-14T12:25:08","date_gmt":"2024-08-14T12:25:08","guid":{"rendered":"https:\/\/mladost-rinia.mk\/?page_id=101"},"modified":"2024-08-14T12:56:15","modified_gmt":"2024-08-14T12:56:15","slug":"paketi","status":"publish","type":"page","link":"https:\/\/mladost-rinia.mk\/sq\/paketi\/","title":{"rendered":"Paketa"},"content":{"rendered":"<p>Kujdesi gjith\u00ebditor p\u00ebr f\u00ebmij\u00ebt e mosh\u00ebs parashkollore (nga 0-6 vje\u00e7) dhe f\u00ebmij\u00ebt e\nmosh\u00ebs shkollore (nga 6-10 vje\u00e7) \u00ebsht\u00eb nj\u00eb form\u00eb e organizuar institucionalisht e\nkujdesit p\u00ebr f\u00ebmij\u00ebt q\u00eb zgjat nga 8 deri n\u00eb 11 or\u00eb n\u00eb dit\u00eb. F\u00ebmij\u00ebt e mosh\u00ebs\nparashkollore (0-6 vje\u00e7) mund t\u00eb q\u00ebndrojn\u00eb n\u00eb dy nd\u00ebrrime, dhe f\u00ebmij\u00ebt e mosh\u00ebs\nshkollore (6-10 vje\u00e7) mund t\u00eb q\u00ebndrojn\u00eb vet\u00ebm n\u00eb nd\u00ebrrimin e par\u00eb.<br><br>Ofron kujdes p\u00ebr f\u00ebmij\u00ebt, ushqim (m\u00ebngjes, drek\u00eb dhe dy vakte), pushim ditor dhe\naktivitete edukative t\u00eb organizuara.<\/p>\n\n\n\n<p>\u00c7mimi \u00ebsht\u00eb 1490,00 denar\u00eb.<\/p>\n\n\n\n<p>Q\u00ebndrimi i f\u00ebmij\u00ebve n\u00eb \u00e7erdhe vet\u00ebm me drek\u00eb \u00ebsht\u00eb lloj sh\u00ebrbimi i organizuar n\u00eb vler\u00eb\nprej 806 denar\u00eb.<\/p>\n\n\n\n<p>Q\u00ebndrimi i shkurt\u00ebr i f\u00ebmij\u00ebve n\u00eb Qendr\u00ebn p\u00ebr Zhvillimin e F\u00ebmij\u00ebris\u00eb s\u00eb Hershme \u00ebsht\u00eb\nnj\u00eb lloj sh\u00ebrbimi q\u00eb p\u00ebrfshin aktivitete p\u00ebrkujdesjeje dhe edukative, q\u00eb zgjasin tre (3) or\u00eb\nn\u00eb dit\u00eb. Ky sh\u00ebrbim \u00ebsht\u00eb falas.<\/p>","protected":false},"excerpt":{"rendered":"<p>\u0426\u0435\u043b\u043e\u0434\u043d\u0435\u0432\u0435\u043d \u043f\u0440\u0435\u0441\u0442\u043e\u0458 \u043d\u0430 \u0434\u0435\u0446\u0430 \u043e\u0434 \u043f\u0440\u0435\u0434\u0443\u0447\u0438\u043b\u0438\u0448\u043d\u0430 \u0432\u043e\u0437\u0440\u0430\u0441\u0442 (\u043e\u0434 0-6 \u0433\u043e\u0434\u0438\u043d\u0438) \u0438 \u043d\u0430 \u0434\u0435\u0446\u0430 \u043e\u0434 \u0443\u0447\u0438\u043b\u0438\u0448\u043d\u0430 \u0432\u043e\u0437\u0440\u0430\u0441\u0442 (\u043e\u0434 6-10 \u0433\u043e\u0434\u0438\u043d\u0438), \u0435 \u0438\u043d\u0441\u0442\u0438\u0442\u0443\u0446\u0438\u043e\u043d\u0430\u043b\u043d\u0430 \u043e\u0440\u0433\u0430\u043d\u0438\u0437\u0438\u0440\u0430\u043d\u0430 \u0444\u043e\u0440\u043c\u0430 \u043d\u0430 \u043f\u0440\u0435\u0441\u0442\u043e\u0458 \u043d\u0430 \u0434\u0435\u0446\u0430 \u0432\u043e \u0442\u0440\u0430\u0435\u045a\u0435 \u043e\u0434 8 \u0434\u043e 11 \u0447\u0430\u0441\u0430 \u0434\u043d\u0435\u0432\u043d\u043e. \u0414\u0435\u0446\u0430\u0442\u0430 \u043e\u0434 \u043f\u0440\u0435\u0434\u0443\u0447\u0438\u043b\u0438\u0448\u043d\u0430 \u0432\u043e\u0437\u0440\u0430\u0441\u0442 (0-6 [&hellip;]<\/p>","protected":false},"author":1,"featured_media":0,"parent":0,"menu_order":0,"comment_status":"closed","ping_status":"closed","template":"","meta":{"footnotes":""},"class_list":["post-101","page","type-page","status-publish","hentry"],"_links":{"self":[{"href":"https:\/\/mladost-rinia.mk\/sq\/wp-json\/wp\/v2\/pages\/101","targetHints":{"allow":["GET"]}}],"collection":[{"href":"https:\/\/mladost-rinia.mk\/sq\/wp-json\/wp\/v2\/pages"}],"about":[{"href":"https:\/\/mladost-rinia.mk\/sq\/wp-json\/wp\/v2\/types\/page"}],"author":[{"embeddable":true,"href":"https:\/\/mladost-rinia.mk\/sq\/wp-json\/wp\/v2\/users\/1"}],"replies":[{"embeddable":true,"href":"https:\/\/mladost-rinia.mk\/sq\/wp-json\/wp\/v2\/comments?post=101"}],"version-history":[{"count":1,"href":"https:\/\/mladost-rinia.mk\/sq\/wp-json\/wp\/v2\/pages\/101\/revisions"}],"predecessor-version":[{"id":102,"href":"https:\/\/mladost-rinia.mk\/sq\/wp-json\/wp\/v2\/pages\/101\/revisions\/102"}],"wp:attachment":[{"href":"https:\/\/mladost-rinia.mk\/sq\/wp-json\/wp\/v2\/media?parent=101"}],"curies":[{"name":"wp","href":"https:\/\/api.w.org\/{rel}","templated":true}]}}