{"id":154,"date":"2024-08-14T13:08:06","date_gmt":"2024-08-14T13:08:06","guid":{"rendered":"https:\/\/mladost-rinia.mk\/?page_id=154"},"modified":"2024-08-17T14:27:10","modified_gmt":"2024-08-17T14:27:10","slug":"%d1%81%d0%bc%d0%b5%d0%bd%d1%81%d0%ba%d0%be-%d1%80%d0%b0%d0%b1%d0%be%d1%82%d0%b5%d1%9a%d0%b5","status":"publish","type":"page","link":"https:\/\/mladost-rinia.mk\/sq\/%d1%81%d0%bc%d0%b5%d0%bd%d1%81%d0%ba%d0%be-%d1%80%d0%b0%d0%b1%d0%be%d1%82%d0%b5%d1%9a%d0%b5\/","title":{"rendered":"Orari i punes"},"content":{"rendered":"<p>Nd\u00ebrrimi i par\u00eb<\/p>\n\n\n\n<p>T\u00eb gjitha ambientet e kopshteve ofrojn\u00eb aktivitete edukative dhe kujdesi p\u00ebr f\u00ebmij\u00ebt n\u00eb nd\u00ebrrimin e par\u00eb nga ora 6:30-16:30.<\/p>\n\n\n\n<p>Nd\u00ebrrimi i dyt\u00eb&nbsp;<\/p>\n\n\n\n<p>Objekti i Teteks ofron aktivitete p\u00ebrkujdesjeje dhe edukative n\u00eb nd\u00ebrrimin e dyt\u00eb, nga ora 11:00 deri n\u00eb 19:00.<\/p>\n\n\n\n<p>Qendrat e Zhvillimit t\u00eb F\u00ebmij\u00ebris\u00eb s\u00eb Hershme<\/p>\n\n\n\n<p>Qendrat p\u00ebr zhvillim t\u00eb hersh\u00ebm t\u00eb f\u00ebmij\u00ebris\u00eb Kiril i Metodij dhe Re\u00e7ic\u00eb ofrojn\u00eb p\u00ebrkujdesje dhe aktivitete edukative n\u00eb dy nd\u00ebrrime:<\/p>\n\n\n\n<ul class=\"wp-block-list\">\n<li>Nd\u00ebrrimi i par\u00eb 9:30 \u2013 12:30<\/li>\n\n\n\n<li>Nd\u00ebrrimi i dyt\u00eb 13:00 \u2013 16:00<\/li>\n<\/ul>\n\n\n\n<p>Qendrat p\u00ebr zhvillimin e f\u00ebmij\u00ebris\u00eb s\u00eb hershme n\u00eb Migjeni, Shipkovic\u00eb dhe Brodec ofrojn\u00eb p\u00ebrkujdesje dhe aktivitete edukative nga ora 10.00 deri n\u00eb 13.00<\/p>\n\n\n\n<p>Grupet n\u00eb kushte t\u00eb tjera hap\u00ebsinore n\u00eb Bogovin\u00eb dhe Nerasht punojn\u00eb nga ora 08:00 deri n\u00eb ora 14:00.<\/p>","protected":false},"excerpt":{"rendered":"<p>\u041f\u0440\u0432\u0430 \u0441\u043c\u0435\u043d\u0430 \u0421\u0438\u0442\u0435 \u0433\u0440\u0430\u0434\u0438\u043d\u0441\u043a\u0438 \u043e\u0431\u0458\u0435\u043a\u0442\u0438 \u0432\u0440\u0448\u0430\u0442 \u0437\u0433\u0440\u0438\u0436\u0443\u0432\u0430\u045a\u0435 \u0438&nbsp;\u0432\u043e\u0441\u043f\u0438\u0442\u043d\u043e \u0435\u0434\u0443\u043a\u0430\u0442\u0438\u0432\u043d\u0430 \u0434\u0435\u0458\u043d\u043e\u0441\u0442 \u0432\u043e \u043f\u0440\u0432\u0430 \u0441\u043c\u0435\u043d\u0430 \u0438 \u0442\u043e\u0430 \u043e\u0434 6:30-16 30 \u0412\u0442\u043e\u0440\u0430 \u0441\u043c\u0435\u043d\u0430&nbsp; \u041e\u0431\u0458\u0435\u043a\u0442\u043e\u0442&nbsp;\u0422\u0435\u0442\u0435\u043a\u0441 &nbsp;\u0432\u0440\u0448\u0438 \u0437\u0433\u0440\u0438\u0436\u0443\u0432\u0430\u045a\u0435 \u0438&nbsp;\u0432\u043e\u0441\u043f\u0438\u0442\u043d\u043e \u0435\u0434\u0443\u043a\u0430\u0442\u0438\u0432\u043d\u0430 \u0434\u0435\u0458\u043d\u043e\u0441\u0442 \u0432\u043e \u0432\u0442\u043e\u0440\u0430 \u0441\u043c\u0435\u043d\u0430 \u0438 \u0442\u043e\u0430 \u043e\u0434 11 00-19 00 \u0426\u0435\u043d\u0442\u0440\u0438 \u0437\u0430 \u0440\u0430\u043d \u0434\u0435\u0442\u0441\u043a\u0438 \u0440\u0430\u0437\u0432\u043e\u0458 [&hellip;]<\/p>","protected":false},"author":1,"featured_media":0,"parent":0,"menu_order":0,"comment_status":"closed","ping_status":"closed","template":"","meta":{"footnotes":""},"class_list":["post-154","page","type-page","status-publish","hentry"],"_links":{"self":[{"href":"https:\/\/mladost-rinia.mk\/sq\/wp-json\/wp\/v2\/pages\/154","targetHints":{"allow":["GET"]}}],"collection":[{"href":"https:\/\/mladost-rinia.mk\/sq\/wp-json\/wp\/v2\/pages"}],"about":[{"href":"https:\/\/mladost-rinia.mk\/sq\/wp-json\/wp\/v2\/types\/page"}],"author":[{"embeddable":true,"href":"https:\/\/mladost-rinia.mk\/sq\/wp-json\/wp\/v2\/users\/1"}],"replies":[{"embeddable":true,"href":"https:\/\/mladost-rinia.mk\/sq\/wp-json\/wp\/v2\/comments?post=154"}],"version-history":[{"count":2,"href":"https:\/\/mladost-rinia.mk\/sq\/wp-json\/wp\/v2\/pages\/154\/revisions"}],"predecessor-version":[{"id":185,"href":"https:\/\/mladost-rinia.mk\/sq\/wp-json\/wp\/v2\/pages\/154\/revisions\/185"}],"wp:attachment":[{"href":"https:\/\/mladost-rinia.mk\/sq\/wp-json\/wp\/v2\/media?parent=154"}],"curies":[{"name":"wp","href":"https:\/\/api.w.org\/{rel}","templated":true}]}}