{"id":165,"date":"2024-08-17T13:38:40","date_gmt":"2024-08-17T13:38:40","guid":{"rendered":"https:\/\/mladost-rinia.mk\/?page_id=165"},"modified":"2024-11-15T10:55:22","modified_gmt":"2024-11-15T10:55:22","slug":"%d0%bc%d0%b8%d1%81%d0%b8%d1%98%d0%b0","status":"publish","type":"page","link":"https:\/\/mladost-rinia.mk\/sq\/%d0%bc%d0%b8%d1%81%d0%b8%d1%98%d0%b0\/","title":{"rendered":"Misioni"},"content":{"rendered":"<p>Kopsht ku f\u00ebmij\u00ebt rriten p\u00ebrmes miq\u00ebsis\u00eb, loj\u00ebs, tregimeve, k\u00ebng\u00ebve, njohurive p\u00ebr shum\u00eb gj\u00ebra, mir\u00ebkuptimi, besimi, bashk\u00ebpunimi mes prind\u00ebrve, kopshtit dhe mjedisit - n\u00eb drejtim t\u00eb shqet\u00ebsimit t\u00eb p\u00ebrbashk\u00ebt p\u00ebr zhvillimin dhe edukimin e f\u00ebmij\u00ebve.<\/p>","protected":false},"excerpt":{"rendered":"<p>Kopsht ku f\u00ebmij\u00ebt rriten p\u00ebrmes miq\u00ebsis\u00eb, loj\u00ebs, tregimeve, k\u00ebng\u00ebve, njohurive p\u00ebr shum\u00eb gj\u00ebra, mir\u00ebkuptimi, besimi, bashk\u00ebpunimi mes prind\u00ebrve, kopshtit dhe mjedisit - n\u00eb drejtim t\u00eb shqet\u00ebsimit t\u00eb p\u00ebrbashk\u00ebt p\u00ebr zhvillimin dhe edukimin e f\u00ebmij\u00ebve.<\/p>","protected":false},"author":1,"featured_media":207,"parent":0,"menu_order":0,"comment_status":"closed","ping_status":"closed","template":"","meta":{"footnotes":""},"class_list":["post-165","page","type-page","status-publish","has-post-thumbnail","hentry"],"_links":{"self":[{"href":"https:\/\/mladost-rinia.mk\/sq\/wp-json\/wp\/v2\/pages\/165","targetHints":{"allow":["GET"]}}],"collection":[{"href":"https:\/\/mladost-rinia.mk\/sq\/wp-json\/wp\/v2\/pages"}],"about":[{"href":"https:\/\/mladost-rinia.mk\/sq\/wp-json\/wp\/v2\/types\/page"}],"author":[{"embeddable":true,"href":"https:\/\/mladost-rinia.mk\/sq\/wp-json\/wp\/v2\/users\/1"}],"replies":[{"embeddable":true,"href":"https:\/\/mladost-rinia.mk\/sq\/wp-json\/wp\/v2\/comments?post=165"}],"version-history":[{"count":1,"href":"https:\/\/mladost-rinia.mk\/sq\/wp-json\/wp\/v2\/pages\/165\/revisions"}],"predecessor-version":[{"id":166,"href":"https:\/\/mladost-rinia.mk\/sq\/wp-json\/wp\/v2\/pages\/165\/revisions\/166"}],"wp:featuredmedia":[{"embeddable":true,"href":"https:\/\/mladost-rinia.mk\/sq\/wp-json\/wp\/v2\/media\/207"}],"wp:attachment":[{"href":"https:\/\/mladost-rinia.mk\/sq\/wp-json\/wp\/v2\/media?parent=165"}],"curies":[{"name":"wp","href":"https:\/\/api.w.org\/{rel}","templated":true}]}}