{"id":183,"date":"2024-08-17T14:08:44","date_gmt":"2024-08-17T14:08:44","guid":{"rendered":"https:\/\/mladost-rinia.mk\/?page_id=183"},"modified":"2024-08-25T17:19:07","modified_gmt":"2024-08-25T17:19:07","slug":"%d1%83%d0%bf%d0%b8%d1%81%d0%b8","status":"publish","type":"page","link":"https:\/\/mladost-rinia.mk\/sq\/%d1%83%d0%bf%d0%b8%d1%81%d0%b8\/","title":{"rendered":"Regjistrimet"},"content":{"rendered":"<p>Kopshti regjistron dhe pranon f\u00ebmij\u00eb gjat\u00eb gjith\u00eb vitit p\u00ebr q\u00ebndrimin e f\u00ebmij\u00ebve nga mosha parashkollore (nga 0-6 vje\u00e7) dhe nga mosha shkollore (6-10 vje\u00e7).<\/p>\n\n\n\n<p>Regjistrimi\/pranimi i nj\u00eb f\u00ebmije fillon me nj\u00eb aplikim n\u00eb form\u00eb elektronike, me e-mail ose pran\u00eb administrat\u00ebs s\u00eb kopshtit.<\/p>\n\n\n\n<p>Aplikimi p\u00ebr pranimin e f\u00ebmij\u00ebve p\u00ebrmban:<\/p>\n\n\n\n<ul class=\"wp-block-list\">\n<li>\u2022 T\u00eb dh\u00ebnat e f\u00ebmij\u00ebs: emri, mbiemri, data e lindjes, numri am\u00eb dhe vendbanimi i f\u00ebmij\u00ebs;<\/li>\n\n\n\n<li>\u2022  T\u00eb dh\u00ebnat p\u00ebr prind\u00ebrit\/kujdestar\u00ebt: emri dhe mbiemri i prind\u00ebrve\/kujdestar\u00ebve, adresa e banimit, numri i kart\u00ebs s\u00eb identitetit, numri i telefonit t\u00eb kontaktit, adresa e e-mail, formimi profesional, vendi i pun\u00ebs dhe kompania\/institucioni ku ai punon.<\/li>\n<\/ul>\n\n\n\n<p>&nbsp;Komisioni p\u00ebr pranimin e f\u00ebmij\u00ebve mblidhet nj\u00eb her\u00eb n\u00eb muaj, shqyrton aplikimet dhe pranon f\u00ebmij\u00ebt sipas kritereve t\u00eb caktuara.<\/p>\n\n\n\n<p>N\u00ebse f\u00ebmija pranohet, prindi \u00ebsht\u00eb i detyruar t\u00eb kontaktoj\u00eb Administrat\u00ebn brenda 30 dit\u00ebve dhe t\u00eb filloj\u00eb p\u00ebrgatitjet p\u00ebr mbledhjen e t\u00eb dh\u00ebnave: , certifikat\u00ebn e statusit t\u00eb vaksinimit, n\u00eb baz\u00eb t\u00eb s\u00eb cil\u00ebs mjeku i familjes jep nj\u00eb v\u00ebrtetim p\u00ebr gjendjen sh\u00ebndet\u00ebsore t\u00eb f\u00ebmij\u00ebs.<\/p>\n\n\n\n<p>T\u00eb drejtat dhe detyrimet e kopshtit dhe p\u00ebrdoruesit t\u00eb sh\u00ebrbimeve rregullohen me Marr\u00ebveshje, e cila rregullon ve\u00e7an\u00ebrisht marr\u00ebdh\u00ebniet e nd\u00ebrsjella t\u00eb ofruesit t\u00eb sh\u00ebrbimit - Institucion dhe p\u00ebrdorues t\u00eb sh\u00ebrbimit - prind\/kujdestar, m\u00ebnyr\u00ebn e pages\u00ebs, zgjedhjen e programit, koh\u00ebzgjatja e q\u00ebndrimit t\u00eb f\u00ebmij\u00ebs n\u00eb institucion dhe \u00e7\u00ebshtje t\u00eb tjera n\u00eb lidhje me mbrojtjen e f\u00ebmij\u00ebs dhe veprimtarin\u00eb e kopshtit.<\/p>\n\n\n\n<p>F\u00ebmij\u00ebve Rom\u00eb n\u00eb Institucionet Publike t\u00eb F\u00ebmij\u00ebve \u2013 Kopshti\u201d, prindi\/kujdestari n\u00ebnshkruan nj\u00eb marr\u00ebveshje t\u00eb ve\u00e7ant\u00eb pranimi, sepse q\u00ebndrimi i f\u00ebmij\u00ebs \u00ebsht\u00eb falas.<\/p>\n\n\n\n<p>\u041f\u0440\u0435\u0444\u0440\u043b\u0443\u0432\u0430\u045a\u0435 \u043d\u0430 \u0434\u0435\u0442\u0435 \u043e\u0434 \u0435\u0434\u0435\u043d \u0432\u043e \u0434\u0440\u0443\u0433 \u043e\u0431\u0458\u0435\u043a\u0442<\/p>\n\n\n\n<p>\u0417\u0430 \u043f\u0440\u0435\u0444\u0440\u043b\u0443\u0432\u0430\u045a\u0435 \u043d\u0430 \u0434\u0435\u0442\u0435 \u043e\u0434 \u0435\u0434\u0435\u043d \u0432\u043e \u0434\u0440\u0443\u0433 \u043e\u0431\u0458\u0435\u043a\u0442, \u0440\u043e\u0434\u0438\u0442\u0435\u043b\u043e\u0442\/\u0441\u0442\u0430\u0440\u0430\u0442\u0435\u043b\u043e\u0442, \u0432\u043e \u043f\u0438\u0448\u0430\u043d\u0430 \u0444\u043e\u0440\u043c\u0430 &nbsp; \u043d\u0430\u0432\u0435\u0434\u0443\u0432\u0430 \u043e\u0434 \u043a\u043e\u0458 \u0438 \u0432\u043e \u043a\u043e\u0458 \u043e\u0431\u0458\u0435\u043a\u0442 \u0434\u0435\u0442\u0435\u0442\u043e \u0441\u0435 \u043f\u0440\u0435\u0444\u0440\u043b\u0443\u0432\u0430 \u0438 \u043f\u0440\u0438\u0447\u0438\u043d\u0430\u0442\u0430 \u0437\u0430 \u043f\u0440\u0435\u0444\u0440\u043b\u0443\u0432\u0430\u045a\u0435 \u043d\u0430 \u0434\u0435\u0442\u0435\u0442\u043e.<\/p>\n\n\n\n<p>\u0411\u0430\u0440\u0430\u045a\u0435\u0442\u043e \u0433\u043e \u0440\u0430\u0437\u0433\u043b\u0435\u0434\u0443\u0432\u0430 \u0438 \u043f\u043e \u043d\u0435\u0433\u043e \u043e\u0434\u043b\u0443\u0447\u0443\u0432\u0430 \u041a\u043e\u043c\u0438\u0441\u0438\u0458\u0430 \u0437\u0430 \u043f\u0440\u0438\u0435\u043c \u043d\u0430 \u0434\u0435\u0446\u0430. \u0417\u0430 \u043f\u043e\u0437\u0438\u0442\u0438\u0432\u043d\u043e \u0440\u0435\u0448\u0435\u043d\u043e \u0442\u0435\u043b\u0435\u0444\u043e\u043d\u0441\u043a\u0438&nbsp; \u0441\u0435 \u0438\u0437\u0432\u0435\u0441\u0442\u0443\u0432\u0430 \u0440\u043e\u0434\u0438\u0442\u0435\u043b\u043e\u0442\/\u0441\u0442\u0430\u0440\u0430\u0442\u0435\u043b\u043e\u0442.<\/p>\n\n\n\n<p>\u0417\u0430 \u043f\u0440\u0435\u0444\u0440\u043b\u0443\u0432\u0430\u045a\u0435 \u043d\u0430 \u0434\u0435\u0446\u0430 \u043e\u0434 \u043f\u0440\u0435\u0434\u0443\u0447\u0438\u043b\u0438\u0448\u043d\u0430 \u0432\u043e \u0443\u0447\u0438\u043b\u0438\u0448\u043d\u0430 \u0433\u0440\u0443\u043f\u0430 \u043f\u043e\u0441\u0442\u0430\u043f\u043a\u0430\u0442\u0435 \u0435 \u043f\u043e\u0442\u043f\u043e\u043b\u043d\u043e \u0438\u0441\u0442\u0430.<\/p>\n\n\n\n<p>\u0418\u0441\u043f\u0438\u0448\u0443\u0432\u0430\u045a\u0435 \u043d\u0430 \u0434\u0435\u0442\u0435 \u043e\u0434 \u0433\u0440\u0430\u0434\u0438\u043d\u043a\u0430<\/p>\n\n\n\n<p>\u041f\u0440\u0438 \u043e\u0442\u043f\u0438\u0448\u0443\u0432\u0430\u045a\u0435 \u043d\u0430 \u0434\u0435\u0442\u0435\u0442\u043e \u043e\u0434 \u0433\u0440\u0430\u0434\u0438\u043d\u043a\u0430 \u0440\u043e\u0434\u0438\u0442\u0435\u043b\u043e\u0442\/\u0441\u0442\u0430\u0440\u0442\u0435\u043b\u043e\u0442 \u0438\u043c\u0430 \u043e\u0431\u0432\u0440\u0441\u043a\u0430 \u043d\u0430\u0432\u0440\u0435\u043c\u0435\u043d\u043e \u0434\u0430 \u0458\u0430 \u0438\u0437\u0432\u0435\u0441\u0442\u0438 \u043d\u0435\u0433\u0443\u0432\u0430\u0442\u0435\u043b\u043a\u0430\u0442\u0430 \u0438 \u0432\u043e\u0441\u043f\u0438\u0442\u0443\u0432\u0430\u0447\u043a\u0430\u0442\u0430 \u043e\u0434 \u0433\u0440\u0443\u043f\u0430\u0442\u0430 \u043a\u0430\u0434\u0435 \u043f\u0440\u0435\u0441\u0442\u043e\u0458\u0443\u0432\u0430 \u0434\u0435\u0442\u0435\u0442\u043e. \u0414\u043e\u0433\u043e\u0432\u043e\u0440\u043e\u0442 \u0441\u0435 \u0440\u0430\u0441\u043a\u0438\u043d\u0443\u0432\u0430 \u0432\u043e \u0423\u043f\u0440\u0430\u0432\u0430\u0442\u0430 \u0441\u043e \u043f\u0440\u0435\u0434\u0445\u043e\u0434\u043d\u043e \u0438\u0437\u043c\u0438\u0440\u0435\u043d\u0438 \u043e\u0431\u0432\u0440\u0441\u043a\u0438 \u0437\u0430 \u043f\u0440\u0435\u0441\u0442\u043e\u0458 \u043d\u0430 \u0434\u0435\u0442\u0435\u0442\u043e \u0432\u043e \u0433\u0440\u0430\u0434\u0438\u043d\u043a\u0430.&nbsp;<\/p>","protected":false},"excerpt":{"rendered":"<p>\u0414\u0435\u0442\u0441\u043a\u0430\u0442\u0430 \u0433\u0440\u0430\u0434\u0438\u043d\u043a\u0430 \u0437\u0430\u043f\u0438\u0448\u0443\u0432\u0430 \u0438 \u043f\u0440\u0438\u043c\u0430 \u0434\u0435\u0446\u0430 \u043f\u0440\u0435\u043a\u0443 \u0446\u0435\u043b\u0430\u0442\u0430 \u0433\u043e\u0434\u0438\u043d\u0430 \u0437\u0430 \u043f\u0440\u0435\u0441\u0442\u043e\u0458 \u043d\u0430 \u0434\u0435\u0446\u0430 \u043e\u0434 \u043f\u0440\u0435\u0434\u0443\u0447\u0438\u043b\u0438\u0448\u043d\u0430 (\u043e\u0434 0-6 \u0433\u043e\u0434\u0438\u043d\u0438) \u0438 \u0443\u0447\u0438\u043b\u0438\u0448\u043d\u0430 \u0432\u043e\u0437\u0440\u0430\u0441\u0442 (6-10 \u0433\u043e\u0434). \u0417\u0430\u043f\u0438\u0448\u0443\u0432\u0430\u045a\u0435\u0442\u043e\/\u043f\u0440\u0438\u0435\u043c\u043e\u0442 \u043d\u0430 \u0434\u0435\u0442\u0435 \u0437\u0430\u043f\u043e\u0447\u043d\u0443\u0432\u0430 \u0441\u043e \u0430\u043f\u043b\u0438\u0446\u0438\u0440\u0430\u045a\u0435 \u0432\u043e \u0435\u043b\u0435\u043a\u0442\u0440\u043e\u043d\u0441\u043a\u0430 \u0444\u043e\u0440\u043c\u0430, \u043d\u0430 \u043c\u0430\u0438\u043b \u0438\u043b\u0438 \u0432\u043e \u0443\u043f\u0440\u0430\u0432\u0430\u0442\u0430 \u043d\u0430 \u0433\u0440\u0430\u0434\u0438\u043d\u043a\u0430\u0442\u0430. \u0411\u0430\u0440\u0430\u045a\u0435 [&hellip;]<\/p>","protected":false},"author":1,"featured_media":0,"parent":0,"menu_order":0,"comment_status":"closed","ping_status":"closed","template":"","meta":{"footnotes":""},"class_list":["post-183","page","type-page","status-publish","hentry"],"_links":{"self":[{"href":"https:\/\/mladost-rinia.mk\/sq\/wp-json\/wp\/v2\/pages\/183","targetHints":{"allow":["GET"]}}],"collection":[{"href":"https:\/\/mladost-rinia.mk\/sq\/wp-json\/wp\/v2\/pages"}],"about":[{"href":"https:\/\/mladost-rinia.mk\/sq\/wp-json\/wp\/v2\/types\/page"}],"author":[{"embeddable":true,"href":"https:\/\/mladost-rinia.mk\/sq\/wp-json\/wp\/v2\/users\/1"}],"replies":[{"embeddable":true,"href":"https:\/\/mladost-rinia.mk\/sq\/wp-json\/wp\/v2\/comments?post=183"}],"version-history":[{"count":2,"href":"https:\/\/mladost-rinia.mk\/sq\/wp-json\/wp\/v2\/pages\/183\/revisions"}],"predecessor-version":[{"id":199,"href":"https:\/\/mladost-rinia.mk\/sq\/wp-json\/wp\/v2\/pages\/183\/revisions\/199"}],"wp:attachment":[{"href":"https:\/\/mladost-rinia.mk\/sq\/wp-json\/wp\/v2\/media?parent=183"}],"curies":[{"name":"wp","href":"https:\/\/api.w.org\/{rel}","templated":true}]}}