{"id":33,"date":"2024-08-14T11:46:46","date_gmt":"2024-08-14T11:46:46","guid":{"rendered":"https:\/\/mladost-rinia.mk\/?page_id=33"},"modified":"2024-08-14T12:51:14","modified_gmt":"2024-08-14T12:51:14","slug":"opsti-uslovi-i-politika-na-koristenje","status":"publish","type":"page","link":"https:\/\/mladost-rinia.mk\/sq\/opsti-uslovi-i-politika-na-koristenje\/","title":{"rendered":"Kushtet e p\u00ebrgjithshme dhe politika e p\u00ebrdorimit"},"content":{"rendered":"<h4 class=\"wp-block-heading\"><strong>Kushtet e p\u00ebrgjithshme<\/strong><\/h4>\n\n\n\n<p>IPKKF Rinia do t\u00eb p\u00ebrpiqet p\u00ebr disponueshm\u00ebrin\u00eb e faqes s\u00eb saj t\u00eb internetit 24 or\u00eb n\u00eb dit\u00eb \/ 7 dit\u00eb n\u00eb jav\u00eb.<\/p>\n\n\n\n<p>N\u00eb rast t\u00eb mosdisponueshm\u00ebris\u00eb s\u00eb p\u00ebrkohshme, pra nd\u00ebrprerjes s\u00eb faqes s\u00eb internetit p\u00ebr shkak t\u00eb ndikimeve teknike ose t\u00eb jashtme jasht\u00eb kontrollit t\u00eb institucionit, ne nuk marrim asnj\u00eb p\u00ebrgjegj\u00ebsi dhe nuk garantojm\u00eb akses t\u00eb p\u00ebrhersh\u00ebm.<\/p>\n\n\n\n<p>T\u00eb gjitha t\u00eb dh\u00ebnat dhe informacionet e publikuara n\u00eb faqen ton\u00eb t\u00eb internetit jan\u00eb t\u00eb natyr\u00ebs informative dhe p\u00ebr t\u00eb nj\u00ebjt\u00ebn IPKKF Rinia rezervon t\u00eb drejt\u00ebn t\u00eb ndryshoj\u00eb dhe t\u00eb ndryshoj\u00eb n\u00eb var\u00ebsi t\u00eb kushteve dhe nevojave.<\/p>\n\n\n\n<p>Shkarkimi i informacionit, t\u00eb dh\u00ebnave dhe imazheve, shp\u00ebrndarja e tyre, transferimi ose p\u00ebrdorimi i lidhjes nga faqja e internetit \u00ebsht\u00eb i ndaluar. P\u00ebrdorimi i t\u00eb nj\u00ebjtit \u00ebsht\u00eb i mundur vet\u00ebm p\u00ebr q\u00ebllime jo komerciale dhe p\u00ebrdorim personal p\u00ebrtej lejes p\u00ebr \u00e7do keqp\u00ebrdorim t\u00eb t\u00eb dh\u00ebnave dhe opsioneve q\u00eb ka faqen ton\u00eb t\u00eb internetit.<\/p>\n\n\n\n<h4 class=\"wp-block-heading\"><strong>Politika e privat\u00ebsis\u00eb<\/strong><\/h4>\n\n\n\n<p>Politika e privat\u00ebsis\u00eb i referohet mbledhjes, p\u00ebrpunimit, aksesit dhe publikimit t\u00eb t\u00eb dh\u00ebnave personale q\u00eb kopshti mbledh dhe p\u00ebrpunon nga klient\u00ebt e tij - f\u00ebmij\u00ebt dhe prind\u00ebrit e tyre.  N\u00ebse ka nj\u00eb lidhje q\u00eb do t'ju lidh\u00eb me faqe t\u00eb tjera, ne nuk marrim asnj\u00eb p\u00ebrgjegj\u00ebsi n\u00eb lidhje me mbrojtjen e t\u00eb dh\u00ebnave personale t\u00eb ofruara nga ato faqe interneti.<\/p>\n\n\n\n<p>IPKKF Rinia ka miratuar nj\u00eb politik\u00eb sigurie dhe mbrojtjeje t\u00eb t\u00eb dh\u00ebnave, e cila tregon p\u00ebrkushtimin e kompanis\u00eb son\u00eb p\u00ebr mbrojtjen e privat\u00ebsis\u00eb s\u00eb klientit. \u00c7do p\u00ebrdorues, kur paguan faturat p\u00ebr ardhjen e f\u00ebmij\u00ebve n\u00eb kopshtin e f\u00ebmij\u00ebve, deklaron se \u00ebsht\u00eb i njohur dhe pajtohet me Politik\u00ebn ton\u00eb t\u00eb Privat\u00ebsis\u00eb.<\/p>\n\n\n\n<p>Kur p\u00ebrdorim faqen ton\u00eb t\u00eb internetit p\u00ebr t\u00eb aksesuar informacionin publik, ne nuk mbledhim asnj\u00eb informacion nga p\u00ebrdoruesit tan\u00eb.<\/p>\n\n\n\n<p>N\u00eb rast se nj\u00eb p\u00ebrdorues (prind i nj\u00eb f\u00ebmije) i sh\u00ebrbimeve tona p\u00ebrdor sh\u00ebrbimin p\u00ebr pages\u00ebn elektronike t\u00eb faturave t\u00eb l\u00ebshuara m\u00eb par\u00eb p\u00ebr p\u00ebrdorimin e sh\u00ebrbimeve tona, ai duhet t\u00eb sh\u00ebnoj\u00eb:<\/p>\n\n\n\n<ul class=\"wp-block-list\">\n<li>Numri am\u00eb nga f\u00ebmija<\/li>\n\n\n\n<li>Adresa e-mail n\u00eb t\u00eb cil\u00ebn do t\u00eb d\u00ebrgohet konfirmimi i nj\u00eb transaksioni t\u00eb suksessh\u00ebm\/t\u00eb pasuksessh\u00ebm<\/li>\n\n\n\n<li>Pranimi i kushteve t\u00eb p\u00ebrgjithshme dhe politikave t\u00eb p\u00ebrdorimit<\/li>\n\n\n\n<li>Pranimi i dor\u00ebzimit elektronik t\u00eb faturave<\/li>\n<\/ul>\n\n\n\n<p>Numri am\u00eb dhe adresa e e-mail-it p\u00ebrdoren p\u00ebr t\u00eb k\u00ebrkuar n\u00ebp\u00ebr baz\u00ebn ton\u00eb t\u00eb t\u00eb dh\u00ebnave me q\u00ebllim t\u00eb gjetjes s\u00eb faturave t\u00eb papaguara dhe k\u00ebto nuk mblidhen n\u00eb baz\u00ebn ton\u00eb t\u00eb t\u00eb dh\u00ebnave. N\u00ebse p\u00ebrdoruesi vendos kombinimin e sakt\u00eb t\u00eb numrit t\u00eb identifikimit dhe post\u00ebs elektronike, ai do t\u00eb marr\u00eb t\u00eb dh\u00ebna kthimi p\u00ebr klientin dhe nj\u00eb list\u00eb t\u00eb faturave t\u00eb papaguara.&nbsp;<\/p>\n\n\n\n<p>IPKKF Rinia rezervon t\u00eb drejt\u00ebn t\u00eb p\u00ebrdor\u00eb adresat IP dhe t\u00eb dh\u00ebna t\u00eb tjera t\u00eb p\u00ebrdoruesve p\u00ebr t\u00eb zbuluar identitetin e tyre n\u00eb rast t\u00eb zbatimit t\u00eb ligjit dhe procedurave ligjore.&nbsp;<\/p>\n\n\n\n<p>I gjith\u00eb komunikimi q\u00eb ndodh midis shfletuesit t\u00eb p\u00ebrdoruesit dhe serverit ton\u00eb t\u00eb internetit zhvillohet p\u00ebrmes nj\u00eb lidhjeje t\u00eb sigurt dhe nuk mund t\u00eb p\u00ebrgjohet ose ndryshohet nga nj\u00eb pal\u00eb e tret\u00eb.<\/p>\n\n\n\n<p>Ne nuk mbledhim asnj\u00eb informacion t\u00eb natyr\u00ebs financiare, si numri i kart\u00ebs, etj. T\u00eb dh\u00ebnat e kart\u00ebs s\u00eb kreditit dhe llogaris\u00eb bankare do t\u00eb ruhen dhe p\u00ebrdoren ekskluzivisht nga NLB Tutunska banka me q\u00ebllim t\u00eb faturimit t\u00eb produkteve\/porosieve p\u00ebrmes ekzekutimit t\u00eb transaksioneve. Transaksioni gjat\u00eb tarifimit t\u00eb produktit ridrejtohet dhe p\u00ebrpunohet p\u00ebrmes portalit t\u00eb pagesave me kart\u00eb krediti NLB Tutunska Bank. Portali p\u00ebrdor mbrojtje moderne t\u00eb t\u00eb dh\u00ebnave dhe t\u00eb gjitha proceset zhvillohen p\u00ebrmes nj\u00eb lidhjeje t\u00eb sigurt me bank\u00ebn.<\/p>\n\n\n\n<h4 class=\"wp-block-heading\"><strong>Politika e qasjes n\u00eb sh\u00ebrbim<\/strong><\/h4>\n\n\n\n<p>Qasja n\u00eb sh\u00ebrbimet tona rregullohet n\u00ebp\u00ebrmjet nj\u00eb marr\u00ebveshjeje reciproke me shkrim nd\u00ebrmjet institucionit dhe p\u00ebrdoruesve t\u00eb sh\u00ebrbimeve.<br>P\u00ebr sh\u00ebrbimet q\u00eb p\u00ebrdoruesit kan\u00eb p\u00ebrdorur n\u00eb muajin e kaluar l\u00ebshohet nj\u00eb fatur\u00eb mujore. Kopshti nuk l\u00ebshon fatura paradh\u00ebnie.<br>N\u00eb m\u00ebnyr\u00eb q\u00eb \u00e7do fatur\u00eb t\u00eb paguhet n\u00eb m\u00ebnyr\u00eb elektronike, \u00ebsht\u00eb e nevojshme q\u00eb p\u00ebrdoruesi t\u00eb kaloj\u00eb disa hapa, gjat\u00eb t\u00eb cil\u00ebve duhet t\u00eb zgjedh\u00eb n\u00eb m\u00ebnyr\u00eb eksplicite faturat q\u00eb d\u00ebshiron t\u00eb paguaj\u00eb, si dhe t\u00eb pranoj\u00eb shprehimisht kushtet dhe politikat p\u00ebr t\u00eb kryer \u00e7do pages\u00eb. .<\/p>\n\n\n\n<h4 class=\"wp-block-heading\"><strong>Politika e rimbursimit<\/strong><\/h4>\n\n\n\n<p>N\u00eb rast se, p\u00ebr shkak t\u00eb nj\u00eb gabimi t\u00eb mundsh\u00ebm njer\u00ebzor ose teknik, ndodh nj\u00eb pages\u00eb e gabuar, paguesi duhet t\u00eb na kontaktoj\u00eb me e-mail ose telefon, duke treguar dat\u00ebn dhe shum\u00ebn e pages\u00ebs s\u00eb pasakt\u00eb dhe kopshti do t\u00eb rimbursoj\u00eb t\u00eb nj\u00ebjt\u00ebn mas\u00eb sa m\u00eb shpejt. sa m\u00eb shum\u00eb q\u00eb t\u00eb jet\u00eb e mundur n\u00eb kart\u00ebn e paguesit<\/p>","protected":false},"excerpt":{"rendered":"<p>\u041e\u043f\u0448\u0442\u0438 \u043f\u0440\u0430\u0432\u0438\u043b\u0430 \u0438 \u0443\u0441\u043b\u043e\u0432\u0438 \u0408\u041e\u0423\u0414\u0413 \u041c\u043b\u0430\u0434\u043e\u0441\u0442 &nbsp;\u045c\u0435 \u0441\u0435 \u0437\u0430\u043b\u0430\u0433\u0430 \u0437\u0430 \u0434\u043e\u0441\u0442\u0430\u043f\u043d\u043e\u0441\u0442 \u043d\u0430 \u0441\u0432\u043e\u0458\u0430\u0442\u0430 \u0438\u043d\u0442\u0435\u0440\u043d\u0435\u0442 \u0441\u0442\u0440\u0430\u043d\u0430&nbsp;&nbsp;24 \u0447\u0430\u0441\u0430 \u0432\u043e \u0434\u0435\u043d\u043e\u0442 \/ 7 \u0434\u0435\u043d\u0430 \u0432\u043e \u043d\u0435\u0434\u0435\u043b\u0430\u0442\u0430. \u0412\u043e \u0441\u043b\u0443\u0447\u0430\u0458 \u043d\u0430 \u043f\u0440\u0438\u0432\u0440\u0435\u043c\u0435\u043d\u0430 \u043d\u0435\u0434\u043e\u0441\u0442\u0430\u043f\u043d\u043e\u0441\u0442 \u043e\u0434\u043d\u043e\u0441\u043d\u043e \u043f\u0440\u0435\u043a\u0438\u043d \u043d\u0430 \u0438\u043d\u0442\u0435\u0440\u043d\u0435\u0442 \u0441\u0442\u0440\u0430\u043d\u0430\u0442\u0430 \u043f\u043e\u0440\u0430\u0434\u0438 \u0442\u0435\u0445\u043d\u0438\u0447\u043a\u0438 \u0438\u043b\u0438 \u043d\u0430\u0434\u0432\u043e\u0440\u0435\u0448\u043d\u0438 \u0432\u043b\u0438\u0458\u0430\u043d\u0438\u0458\u0430 \u043d\u0430\u0434\u0432\u043e\u0440 \u043e\u0434 [&hellip;]<\/p>","protected":false},"author":1,"featured_media":0,"parent":0,"menu_order":0,"comment_status":"closed","ping_status":"closed","template":"","meta":{"footnotes":""},"class_list":["post-33","page","type-page","status-publish","hentry"],"_links":{"self":[{"href":"https:\/\/mladost-rinia.mk\/sq\/wp-json\/wp\/v2\/pages\/33","targetHints":{"allow":["GET"]}}],"collection":[{"href":"https:\/\/mladost-rinia.mk\/sq\/wp-json\/wp\/v2\/pages"}],"about":[{"href":"https:\/\/mladost-rinia.mk\/sq\/wp-json\/wp\/v2\/types\/page"}],"author":[{"embeddable":true,"href":"https:\/\/mladost-rinia.mk\/sq\/wp-json\/wp\/v2\/users\/1"}],"replies":[{"embeddable":true,"href":"https:\/\/mladost-rinia.mk\/sq\/wp-json\/wp\/v2\/comments?post=33"}],"version-history":[{"count":2,"href":"https:\/\/mladost-rinia.mk\/sq\/wp-json\/wp\/v2\/pages\/33\/revisions"}],"predecessor-version":[{"id":131,"href":"https:\/\/mladost-rinia.mk\/sq\/wp-json\/wp\/v2\/pages\/33\/revisions\/131"}],"wp:attachment":[{"href":"https:\/\/mladost-rinia.mk\/sq\/wp-json\/wp\/v2\/media?parent=33"}],"curies":[{"name":"wp","href":"https:\/\/api.w.org\/{rel}","templated":true}]}}