{"id":38,"date":"2024-08-14T11:48:44","date_gmt":"2024-08-14T11:48:44","guid":{"rendered":"https:\/\/mladost-rinia.mk\/?page_id=38"},"modified":"2024-08-14T12:53:00","modified_gmt":"2024-08-14T12:53:00","slug":"kontakt","status":"publish","type":"page","link":"https:\/\/mladost-rinia.mk\/sq\/kontakt\/","title":{"rendered":"Kontaktoni"},"content":{"rendered":"<div class=\"wp-block-columns is-layout-flex wp-container-core-columns-is-layout-9d6595d7 wp-block-columns-is-layout-flex\">\n<div class=\"wp-block-column is-layout-flow wp-block-column-is-layout-flow\" style=\"flex-basis:33.33%\">\n<h5 class=\"wp-block-heading\"><strong>Emri<\/strong>: Institucioni publik komunal p\u00ebr f\u00ebmij\u00eb - Kopshti \"Rinia\" - Tetov\u00eb<\/h5>\n\n\n\n<h5 class=\"wp-block-heading\"><strong>EMB<\/strong>: 4035313<\/h5>\n\n\n\n<h5 class=\"wp-block-heading\"><strong>EDB<\/strong>: MK4028979108660<\/h5>\n\n\n\n<h5 class=\"wp-block-heading\"><strong>Adresa<\/strong>: Rr. \u201cV\u00ebllez\u00ebrit Miladinovi\u201d nr. 1v, 1200 Tetov\u00eb<\/h5>\n\n\n\n<h5 class=\"wp-block-heading\"><strong>Telefoni<\/strong>: 044 331 765<\/h5>\n\n\n\n<h5 class=\"wp-block-heading\"><strong>Email<\/strong>:&nbsp;ojudg-mladost@outlook.com<\/h5>\n<\/div>\n\n\n\n<div class=\"wp-block-column is-layout-flow wp-block-column-is-layout-flow\" style=\"flex-basis:66.66%\">\n<iframe src=\"https:\/\/www.google.com\/maps\/embed?pb=!1m14!1m8!1m3!1d5930.1917412180255!2d20.9688326!3d41.998218!3m2!1i1024!2i768!4f13.1!3m3!1m2!1s0x1353f096596bf905%3A0x20b7f39345f0533c!2sKindergarten%20%22Mladost%20-%20Rinia%201%22!5e0!3m2!1sen!2smk!4v1723636744921!5m2!1sen!2smk\" width=\"100%\" height=\"100%\" style=\"border:0;\" allowfullscreen=\"\" loading=\"lazy\" referrerpolicy=\"no-referrer-when-downgrade\"><\/iframe>\n<\/div>\n<\/div>\n\n\n\n<p><\/p>","protected":false},"excerpt":{"rendered":"<p>\u041d\u0430\u0437\u0438\u0432: \u041e\u043f\u0448\u0442\u0438\u043d\u0441\u043a\u0430 \u0458\u0430\u0432\u043d\u0430 \u0443\u0441\u0442\u0430\u043d\u043e\u0432\u0430 \u0437\u0430 \u0434\u0435\u0446\u0430 \u2013 \u0414\u0435\u0442\u0441\u043a\u0430 \u0433\u0440\u0430\u0434\u0438\u043d\u043a\u0430 \u201e\u041c\u043b\u0430\u0434\u043e\u0441\u0442\u201c \u2013 \u0422\u0435\u0442\u043e\u0432\u043e \u0415\u041c\u0411: 4035313 \u0415\u0414\u0411: MK4028979108660 \u0410\u0434\u0440\u0435\u0441\u0430: \u0443\u043b. \u201e\u0411\u0440\u0430\u045c\u0430 \u041c\u0438\u043b\u0430\u0434\u0438\u043d\u043e\u0432\u0438\u201c \u0431\u0440. 1\u0432, 1200 \u0422\u0435\u0442\u043e\u0432\u043e \u0422\u0435\u043b\u0435\u0444\u043e\u043d: 044 331 765 \u0415\u043c\u0430\u0438\u043b:&nbsp;ojudg-mladost@outlook.com<\/p>","protected":false},"author":1,"featured_media":0,"parent":0,"menu_order":0,"comment_status":"closed","ping_status":"closed","template":"","meta":{"footnotes":""},"class_list":["post-38","page","type-page","status-publish","hentry"],"_links":{"self":[{"href":"https:\/\/mladost-rinia.mk\/sq\/wp-json\/wp\/v2\/pages\/38","targetHints":{"allow":["GET"]}}],"collection":[{"href":"https:\/\/mladost-rinia.mk\/sq\/wp-json\/wp\/v2\/pages"}],"about":[{"href":"https:\/\/mladost-rinia.mk\/sq\/wp-json\/wp\/v2\/types\/page"}],"author":[{"embeddable":true,"href":"https:\/\/mladost-rinia.mk\/sq\/wp-json\/wp\/v2\/users\/1"}],"replies":[{"embeddable":true,"href":"https:\/\/mladost-rinia.mk\/sq\/wp-json\/wp\/v2\/comments?post=38"}],"version-history":[{"count":13,"href":"https:\/\/mladost-rinia.mk\/sq\/wp-json\/wp\/v2\/pages\/38\/revisions"}],"predecessor-version":[{"id":133,"href":"https:\/\/mladost-rinia.mk\/sq\/wp-json\/wp\/v2\/pages\/38\/revisions\/133"}],"wp:attachment":[{"href":"https:\/\/mladost-rinia.mk\/sq\/wp-json\/wp\/v2\/media?parent=38"}],"curies":[{"name":"wp","href":"https:\/\/api.w.org\/{rel}","templated":true}]}}