{"id":54,"date":"2024-08-14T11:54:07","date_gmt":"2024-08-14T11:54:07","guid":{"rendered":"https:\/\/mladost-rinia.mk\/?page_id=54"},"modified":"2024-11-15T10:54:58","modified_gmt":"2024-11-15T10:54:58","slug":"programa-za-rabota","status":"publish","type":"page","link":"https:\/\/mladost-rinia.mk\/sq\/programa-za-rabota\/","title":{"rendered":"Programi i pun\u00ebs"},"content":{"rendered":"<p>Programi vjetor p\u00ebr pun\u00ebn me f\u00ebmij\u00ebt e mosh\u00ebs parashkollore \u00ebsht\u00eb nj\u00eb dokument publik q\u00eb \u00ebsht\u00eb n\u00eb p\u00ebrputhje me Programin Komb\u00ebtar p\u00ebr Zhvillimin e F\u00ebmij\u00ebris\u00eb s\u00eb Hershme, trendet moderne socialdemokratike, Deklarat\u00ebn dhe Konvent\u00ebn p\u00ebr t\u00eb Drejtat e F\u00ebmij\u00ebve. Duke marr\u00eb parasysh faktin se \u00e7do f\u00ebmij\u00eb ka potenciale t\u00eb ndryshme zhvillimi dhe specifikat e veta personale, intelektuale, realizimi i detyrave t\u00eb parashikuara nga Programi Vjetor i IPKKF \"Rinia\" do t\u00eb synoj\u00eb t\u00eb inkurajoj\u00eb personalitetin e f\u00ebmij\u00ebs q\u00eb t\u00eb nd\u00ebrtohet n\u00eb nj\u00eb individ t\u00eb ve\u00e7ant\u00eb. , t\u00eb cil\u00ebt do t\u00eb jen\u00eb n\u00eb gjendje t\u00eb respektojn\u00eb normat baz\u00eb t\u00eb jet\u00ebs shoq\u00ebrore.&nbsp;<\/p>\n\n\n\n<p>K\u00ebtu jan\u00eb aktivitetet n\u00eb nivel kopshti, aktivitetet e planifikuara p\u00ebr mb\u00ebshtetjen dhe edukimin e f\u00ebmij\u00ebve dhe familjeve, gjendja numerike e planifikuar p\u00ebr vitin, planet p\u00ebr ndryshimin dhe p\u00ebrmir\u00ebsimin e kushteve t\u00eb q\u00ebndrimit, si dhe p\u00ebrgjegj\u00ebsit\u00eb e subjekteve t\u00eb kopshtit. specifikuar. Edukimi dhe edukimi i mir\u00eborganizuar i f\u00ebmij\u00ebve parashkollor\u00eb \u00ebsht\u00eb me interes t\u00eb madh shoq\u00ebror dhe paraqet nj\u00eb koncept q\u00eb duhet t\u00eb bazohet n\u00eb parime t\u00eb mira dhe t\u00eb p\u00ebrcaktuara qart\u00eb.<\/p>\n\n\n\n<p>Programi gjithashtu p\u00ebrfshin efektet dhe p\u00ebrmbajtjet pozitive q\u00eb realizohen n\u00eb kopsht pas:<\/p>\n\n\n\n<ul class=\"wp-block-list\">\n<li>Programet p\u00ebr edukimin e f\u00ebmij\u00ebve t\u00eb mosh\u00ebs parashkollore, t\u00eb cilat jan\u00eb miratuar nga Ministria e Arsimit dhe Kultur\u00ebs: \"Integrimi i edukimit mjedisor n\u00eb sistemin arsimor t\u00eb Maqedonis\u00eb\"; \u201cProgrami p\u00ebr edukimin e f\u00ebmij\u00ebve parashkollor\u00eb me procesin e rritjes dhe konsumimit t\u00eb ushqimit t\u00eb sh\u00ebndetsh\u00ebm\u201d dhe \u201cFutja e respektit p\u00ebr diversitetin dhe multikulturalizmin\u201d;<\/li>\n<\/ul>\n\n\n\n<ul class=\"wp-block-list\">\n<li>Udh\u00ebzimet p\u00ebr planifikimin e aktiviteteve nga programi p\u00ebr m\u00ebsim dhe zhvillim t\u00eb hersh\u00ebm dhe arritjen e standardeve p\u00ebr m\u00ebsim dhe zhvillim t\u00eb hersh\u00ebm: \"Loj\u00ebrat tradicionale n\u00eb institucione\"; \"Sporti dhe aktivitetet sportive\" dhe \"P\u00ebrvet\u00ebsimi i zakoneve t\u00eb jetes\u00ebs s\u00eb sh\u00ebndetshme dhe sjelljes s\u00eb sigurt\" dhe<\/li>\n<\/ul>\n\n\n\n<ul class=\"wp-block-list\">\n<li>P\u00ebrmbajtja sipas projekteve: \"Qyteti n\u00eb syt\u00eb e f\u00ebmij\u00ebve\", \"Etika p\u00ebr f\u00ebmij\u00ebt\", \"Nga f\u00ebmija te f\u00ebmija\", \"Riciklimi me imagjinat\u00eb\", \"Vlerat familjare \" dhe \"Higjiena ime - zakoni im\".<\/li>\n<\/ul>","protected":false},"excerpt":{"rendered":"<p>\u0413\u043e\u0434\u0438\u0448\u043d\u0430\u0442\u0430 \u043f\u0440\u043e\u0433\u0440\u0430\u043c\u0430 \u0437\u0430 \u0440\u0430\u0431\u043e\u0442\u0430 \u0441\u043e \u0434\u0435\u0446\u0430 \u043e\u0434 \u043f\u0440\u0435\u0434\u0443\u0447\u0438\u043b\u0438\u0448\u043d\u0430 \u0432\u043e\u0437\u0440\u0430\u0441\u0442, \u043f\u0440\u0435\u0442\u0441\u0442\u0430\u0432\u0443\u0432\u0430 \u0434\u043e\u043a\u0443\u043c\u0435\u043d\u0442 \u043e\u0434 \u0458\u0430\u0432\u0435\u043d \u043a\u0430\u0440\u0430\u043a\u0442\u0435\u0440 \u043a\u043e\u0458 \u0435 \u0443\u0441\u043e\u0433\u043b\u0430\u0441\u0435\u043d \u0441\u043e \u041d\u0430\u0446\u0438\u043e\u043d\u0430\u043b\u043d\u0430\u0442\u0430 \u043f\u0440\u043e\u0433\u0440\u0430\u043c\u0430 \u0437\u0430 \u0440\u0430\u043d \u0434\u0435\u0442\u0441\u043a\u0438 \u0440\u0430\u0437\u0432\u043e\u0458, \u0441\u043e\u0432\u0440\u0435\u043c\u0435\u043d\u0438\u0442\u0435 \u043e\u043f\u0448\u0442\u0435\u0441\u0442\u0432\u0435\u043d\u043e \u0434\u0435\u043c\u043e\u043a\u0440\u0430\u0442\u0441\u043a\u0438 \u0442\u0435\u043a\u043e\u0432\u0438,&nbsp; \u0414\u0435\u043a\u043b\u0430\u0440\u0430\u0446\u0438\u0458\u0430\u0442\u0430 \u0438 \u041a\u043e\u043d\u0432\u0435\u043d\u0446\u0438\u0458\u0430\u0442\u0430 \u0437\u0430 \u043f\u0440\u0430\u0432\u0430\u0442\u0430 \u043d\u0430 \u0434\u0435\u0446\u0430\u0442\u0430. \u0417\u0435\u043c\u0430\u0458\u045c\u0438 \u0433\u043e \u0432\u043e \u043f\u0440\u0435\u0434\u0432\u0438\u0434 \u0444\u0430\u043a\u0442\u043e\u0442 [&hellip;]<\/p>","protected":false},"author":1,"featured_media":212,"parent":0,"menu_order":0,"comment_status":"closed","ping_status":"closed","template":"","meta":{"footnotes":""},"class_list":["post-54","page","type-page","status-publish","has-post-thumbnail","hentry"],"_links":{"self":[{"href":"https:\/\/mladost-rinia.mk\/sq\/wp-json\/wp\/v2\/pages\/54","targetHints":{"allow":["GET"]}}],"collection":[{"href":"https:\/\/mladost-rinia.mk\/sq\/wp-json\/wp\/v2\/pages"}],"about":[{"href":"https:\/\/mladost-rinia.mk\/sq\/wp-json\/wp\/v2\/types\/page"}],"author":[{"embeddable":true,"href":"https:\/\/mladost-rinia.mk\/sq\/wp-json\/wp\/v2\/users\/1"}],"replies":[{"embeddable":true,"href":"https:\/\/mladost-rinia.mk\/sq\/wp-json\/wp\/v2\/comments?post=54"}],"version-history":[{"count":2,"href":"https:\/\/mladost-rinia.mk\/sq\/wp-json\/wp\/v2\/pages\/54\/revisions"}],"predecessor-version":[{"id":134,"href":"https:\/\/mladost-rinia.mk\/sq\/wp-json\/wp\/v2\/pages\/54\/revisions\/134"}],"wp:featuredmedia":[{"embeddable":true,"href":"https:\/\/mladost-rinia.mk\/sq\/wp-json\/wp\/v2\/media\/212"}],"wp:attachment":[{"href":"https:\/\/mladost-rinia.mk\/sq\/wp-json\/wp\/v2\/media?parent=54"}],"curies":[{"name":"wp","href":"https:\/\/api.w.org\/{rel}","templated":true}]}}