{"id":68,"date":"2024-08-14T12:10:11","date_gmt":"2024-08-14T12:10:11","guid":{"rendered":"https:\/\/mladost-rinia.mk\/?page_id=68"},"modified":"2024-11-15T10:53:24","modified_gmt":"2024-11-15T10:53:24","slug":"vospitno-obrazovna-dejnost","status":"publish","type":"page","link":"https:\/\/mladost-rinia.mk\/sq\/vospitno-obrazovna-dejnost\/","title":{"rendered":"Aktivitet arsimor"},"content":{"rendered":"<p>&nbsp;&nbsp;&nbsp;Puna edukative \u00ebsht\u00eb nj\u00eb nga komponent\u00ebt e veprimtaris\u00eb s\u00eb Institucionit, e cila realizohet n\u00ebp\u00ebrmjet aktiviteteve t\u00eb lira dhe t\u00eb planifikuara, loj\u00ebrave dhe sh\u00ebtitjeve, bashk\u00ebpunimit me prind\u00ebrit, vizitave dhe kontakteve.<\/p>\n\n\n\n<p>&nbsp;&nbsp;&nbsp;&nbsp;&nbsp;V\u00ebmendje e ve\u00e7ant\u00eb i kushtohet periudh\u00ebs s\u00eb p\u00ebrshtatjes n\u00ebp\u00ebrmjet rritjes graduale t\u00eb q\u00ebndrimit ditor t\u00eb f\u00ebmij\u00ebs, sepse ndarja e f\u00ebmij\u00ebs nga familja \u00ebsht\u00eb periudha m\u00eb e v\u00ebshtir\u00eb n\u00eb procesin e p\u00ebrshtatjes.<br>&nbsp; &nbsp; Zhvillimi i p\u00ebrgjithsh\u00ebm i f\u00ebmij\u00ebs monitorohet n\u00ebp\u00ebrmjet nj\u00eb instrumenti t\u00eb posa\u00e7\u00ebm n\u00eb var\u00ebsi t\u00eb mosh\u00ebs s\u00eb tij dhe njohurit\u00eb praktikohen gjat\u00eb planifikimit dhe zbatimit t\u00eb veprimeve edukative.<\/p>\n\n\n\n<p>&nbsp;&nbsp;&nbsp;&nbsp;&nbsp;Veprimtaria edukative planifikohet dhe realizohet n\u00eb vazhdim\u00ebsi sipas mosh\u00ebs, aft\u00ebsive individuale, kompetencave dhe nevojave t\u00eb f\u00ebmij\u00ebve n\u00eb nivel vjetor, afatmes\u00ebm dhe afatshkurt\u00ebr ditor.<\/p>\n\n\n\n<p>&nbsp;&nbsp;&nbsp;&nbsp;&nbsp;F\u00ebmij\u00ebt m\u00ebsojn\u00eb p\u00ebrmes loj\u00ebs n\u00eb nj\u00eb dhom\u00eb t\u00eb dekoruar estetikisht t\u00eb pasur me materiale t\u00eb larmishme loj\u00ebrash didaktike, t\u00eb strukturuara n\u00eb nj\u00ebsi-qendra logjike. Aktivitete t\u00eb ndryshme t\u00eb brendshme dhe t\u00eb jashtme ofrojn\u00eb nj\u00eb qasje holistike p\u00ebr t\u00eb m\u00ebsuarit dhe zhvillimin e f\u00ebmij\u00ebve.<\/p>\n\n\n\n<p><\/p>\n\n\n\n<ul class=\"wp-block-list\">\n<li><a href=\"https:\/\/mladost-rinia.mk\/sq\/vospitanie-na-deca-od-jasli\/\" data-type=\"page\" data-id=\"92\">Edukimi i f\u00ebmij\u00ebve n\u00eb \u00e7erdhe<\/a><\/li>\n\n\n\n<li><a href=\"https:\/\/mladost-rinia.mk\/sq\/vospitanie-na-deca-od-2-do-6-godini\/\" data-type=\"page\" data-id=\"123\">Edukimi i f\u00ebmij\u00ebve nga 2 deri 6 vje\u00e7<\/a><\/li>\n<\/ul>","protected":false},"excerpt":{"rendered":"<p>&nbsp;&nbsp;&nbsp;\u0412\u043e\u0441\u043f\u0438\u0442\u043d\u043e-\u043e\u0431\u0440\u0430\u0437\u043e\u0432\u043d\u0430\u0442\u0430 \u0440\u0430\u0431\u043e\u0442\u0430 \u0435 \u0435\u0434\u043d\u0430 \u043e\u0434 \u043a\u043e\u043c\u043f\u043e\u043d\u0435\u043d\u0442\u0438\u0442\u0435 \u043d\u0430 \u0434\u0435\u0458\u043d\u043e\u0441\u0442\u0430 \u043d\u0430 \u0423\u0441\u0442\u0430\u043d\u043e\u0432\u0430\u0442\u0430 \u043a\u043e\u0458\u0430 \u0441\u0435 \u0440\u0435\u0430\u043b\u0438\u0437\u0438\u0440\u0430 \u043f\u0440\u0435\u043a\u0443 \u0441\u043b\u043e\u0431\u043e\u0434\u043d\u0438 \u0438 \u043f\u043b\u0430\u043d\u0438\u0440\u0430\u043d\u0438 \u0430\u043a\u0442\u0438\u0432\u043d\u043e\u0441\u0442\u0438, \u0438\u0433\u0440\u0438 \u0438 \u043f\u0440\u043e\u0448\u0435\u0442\u043a\u0438, \u0441\u043e\u0440\u0430\u0431\u043e\u0442\u043a\u0430 \u0441\u043e \u0440\u043e\u0434\u0438\u0442\u0435\u043b\u0438, \u043f\u043e\u0441\u0435\u0442\u0438 \u0438 \u043a\u043e\u043d\u0442\u0430\u043a\u0442\u0438. &nbsp;&nbsp;&nbsp;&nbsp;&nbsp;\u041f\u043e\u0441\u0435\u0431\u043d\u043e \u0432\u043d\u0438\u043c\u0430\u043d\u0438\u0435 \u0441\u0435 \u043f\u043e\u0441\u0432\u0435\u0442\u0443\u0432\u0430 \u043d\u0430 \u043f\u0435\u0440\u0438\u043e\u0434\u043e\u0442 \u043d\u0430 \u0430\u0434\u0430\u043f\u0442\u0430\u0446\u0438\u0458\u0430 \u043f\u0440\u0435\u043a\u0443 \u043f\u043e\u0441\u0442\u0430\u043f\u043d\u043e \u0437\u0433\u043e\u043b\u0435\u043c\u0443\u0432\u0430\u045a\u0435 \u043d\u0430 \u0434\u043d\u0435\u0432\u043d\u0438\u043e\u0442 [&hellip;]<\/p>","protected":false},"author":1,"featured_media":211,"parent":0,"menu_order":0,"comment_status":"closed","ping_status":"closed","template":"","meta":{"footnotes":""},"class_list":["post-68","page","type-page","status-publish","has-post-thumbnail","hentry"],"_links":{"self":[{"href":"https:\/\/mladost-rinia.mk\/sq\/wp-json\/wp\/v2\/pages\/68","targetHints":{"allow":["GET"]}}],"collection":[{"href":"https:\/\/mladost-rinia.mk\/sq\/wp-json\/wp\/v2\/pages"}],"about":[{"href":"https:\/\/mladost-rinia.mk\/sq\/wp-json\/wp\/v2\/types\/page"}],"author":[{"embeddable":true,"href":"https:\/\/mladost-rinia.mk\/sq\/wp-json\/wp\/v2\/users\/1"}],"replies":[{"embeddable":true,"href":"https:\/\/mladost-rinia.mk\/sq\/wp-json\/wp\/v2\/comments?post=68"}],"version-history":[{"count":11,"href":"https:\/\/mladost-rinia.mk\/sq\/wp-json\/wp\/v2\/pages\/68\/revisions"}],"predecessor-version":[{"id":186,"href":"https:\/\/mladost-rinia.mk\/sq\/wp-json\/wp\/v2\/pages\/68\/revisions\/186"}],"wp:featuredmedia":[{"embeddable":true,"href":"https:\/\/mladost-rinia.mk\/sq\/wp-json\/wp\/v2\/media\/211"}],"wp:attachment":[{"href":"https:\/\/mladost-rinia.mk\/sq\/wp-json\/wp\/v2\/media?parent=68"}],"curies":[{"name":"wp","href":"https:\/\/api.w.org\/{rel}","templated":true}]}}