{"id":98,"date":"2024-08-14T12:22:31","date_gmt":"2024-08-14T12:22:31","guid":{"rendered":"https:\/\/mladost-rinia.mk\/?page_id=98"},"modified":"2024-08-14T12:22:31","modified_gmt":"2024-08-14T12:22:31","slug":"tim2","status":"publish","type":"page","link":"https:\/\/mladost-rinia.mk\/sq\/tim2\/","title":{"rendered":"tim2"},"content":{"rendered":"<h4 class=\"wp-block-heading\">Administrata<\/h4>\n\n\n\n<p>IPKKF Rinia do t\u00eb p\u00ebrpiqet p\u00ebr disponueshm\u00ebrin\u00eb e faqes s\u00eb saj t\u00eb internetit 24 or\u00eb n\u00eb dit\u00eb \/ 7 dit\u00eb n\u00eb jav\u00eb.<\/p>\n\n\n\n<p>\u0412\u043e \u0441\u043b\u0443\u0447\u0430\u0458 \u043d\u0430 \u043f\u0440\u0438\u0432\u0440\u0435\u043c\u0435\u043d\u0430 \u043d\u0435\u0434\u043e\u0441\u0442\u0430\u043f\u043d\u043e\u0441\u0442 \u043e\u0434\u043d\u043e\u0441\u043d\u043e \u043f\u0440\u0435\u043a\u0438\u043d \u043d\u0430 \u0438\u043d\u0442\u0435\u0440\u043d\u0435\u0442 \u0441\u0442\u0440\u0430\u043d\u0430\u0442\u0430 \u043f\u043e\u0440\u0430\u0434\u0438 \u0442\u0435\u0445\u043d\u0438\u0447\u043a\u0438 \u0438\u043b\u0438 \u043d\u0430\u0434<\/p>\n\n\n\n<p>Administrata<\/p>\n\n\n\n<p>Administrata<\/p>\n\n\n\n<p>Administrata<\/p>","protected":false},"excerpt":{"rendered":"<p>\u0410\u0434\u043c\u0438\u043d\u0438\u0441\u0442\u0440\u0430\u0446\u0438\u0458\u0430 \u0408\u041e\u0423\u0414\u0413 \u041c\u043b\u0430\u0434\u043e\u0441\u0442 &nbsp;\u045c\u0435 \u0441\u0435 \u0437\u0430\u043b\u0430\u0433\u0430 \u0437\u0430 \u0434\u043e\u0441\u0442\u0430\u043f\u043d\u043e\u0441\u0442 \u043d\u0430 \u0441\u0432\u043e\u0458\u0430\u0442\u0430 \u0438\u043d\u0442\u0435\u0440\u043d\u0435\u0442 \u0441\u0442\u0440\u0430\u043d\u0430&nbsp;&nbsp;24 \u0447\u0430\u0441\u0430 \u0432\u043e \u0434\u0435\u043d\u043e\u0442 \/ 7 \u0434\u0435\u043d\u0430 \u0432\u043e \u043d\u0435\u0434\u0435\u043b\u0430\u0442\u0430. \u0412\u043e \u0441\u043b\u0443\u0447\u0430\u0458 \u043d\u0430 \u043f\u0440\u0438\u0432\u0440\u0435\u043c\u0435\u043d\u0430 \u043d\u0435\u0434\u043e\u0441\u0442\u0430\u043f\u043d\u043e\u0441\u0442 \u043e\u0434\u043d\u043e\u0441\u043d\u043e \u043f\u0440\u0435\u043a\u0438\u043d \u043d\u0430 \u0438\u043d\u0442\u0435\u0440\u043d\u0435\u0442 \u0441\u0442\u0440\u0430\u043d\u0430\u0442\u0430 \u043f\u043e\u0440\u0430\u0434\u0438 \u0442\u0435\u0445\u043d\u0438\u0447\u043a\u0438 \u0438\u043b\u0438 \u043d\u0430\u0434 \u0410\u0434\u043c\u0438\u043d\u0438\u0441\u0442\u0440\u0430\u0446\u0438\u0458\u0430 \u0410\u0434\u043c\u0438\u043d\u0438\u0441\u0442\u0440\u0430\u0446\u0438\u0458\u0430 \u0410\u0434\u043c\u0438\u043d\u0438\u0441\u0442\u0440\u0430\u0446\u0438\u0458\u0430<\/p>","protected":false},"author":1,"featured_media":0,"parent":0,"menu_order":0,"comment_status":"closed","ping_status":"closed","template":"","meta":{"footnotes":""},"class_list":["post-98","page","type-page","status-publish","hentry"],"_links":{"self":[{"href":"https:\/\/mladost-rinia.mk\/sq\/wp-json\/wp\/v2\/pages\/98","targetHints":{"allow":["GET"]}}],"collection":[{"href":"https:\/\/mladost-rinia.mk\/sq\/wp-json\/wp\/v2\/pages"}],"about":[{"href":"https:\/\/mladost-rinia.mk\/sq\/wp-json\/wp\/v2\/types\/page"}],"author":[{"embeddable":true,"href":"https:\/\/mladost-rinia.mk\/sq\/wp-json\/wp\/v2\/users\/1"}],"replies":[{"embeddable":true,"href":"https:\/\/mladost-rinia.mk\/sq\/wp-json\/wp\/v2\/comments?post=98"}],"version-history":[{"count":1,"href":"https:\/\/mladost-rinia.mk\/sq\/wp-json\/wp\/v2\/pages\/98\/revisions"}],"predecessor-version":[{"id":99,"href":"https:\/\/mladost-rinia.mk\/sq\/wp-json\/wp\/v2\/pages\/98\/revisions\/99"}],"wp:attachment":[{"href":"https:\/\/mladost-rinia.mk\/sq\/wp-json\/wp\/v2\/media?parent=98"}],"curies":[{"name":"wp","href":"https:\/\/api.w.org\/{rel}","templated":true}]}}